{"id":454,"date":"2025-06-26T19:51:27","date_gmt":"2025-06-26T17:51:27","guid":{"rendered":"https:\/\/melba.hu\/?page_id=454"},"modified":"2026-05-08T04:50:57","modified_gmt":"2026-05-08T02:50:57","slug":"etlap-galeria-old","status":"publish","type":"page","link":"https:\/\/melba.hu\/en\/etlap-galeria-old\/","title":{"rendered":"Melba Bistro Etlap OLD"},"content":{"rendered":"<style>\n        .etlap-kep {<br \/>            width: auto;       \/* Ez teszi \u0151ket egyforma sz\u00e9less\u00e9 *\/<br \/>            height: auto;      \/* Ez akad\u00e1lyozza meg, hogy b\u00e1rmi lev\u00e1g\u00f3djon *\/<br \/>            display: block;<br \/>            margin-bottom: 30px; \/* T\u00e1vols\u00e1g a lapok k\u00f6z\u00f6tt *\/<br \/>            box-shadow: 0 4px 10px rgba(0,0,0,0.1); \/* Hogy j\u00f3l n\u00e9zzen ki *\/<br \/>            border: 1px solid #ddd;<br \/>        }<\/p>\n<p>        \/* Mobilon, hogy ne legyen t\u00fal nagy, visszavehet\u00fcnk a sz\u00e9less\u00e9gb\u0151l, ha akarod *\/<br \/>        @media (max-width: 600px) {<br \/>            .etlap-kep {<br \/>                margin-bottom: 20px;<br \/>            }<br \/>        }<br \/>    <\/style>\n<p><img decoding=\"async\" src=\"https:\/\/melba.hu\/wp-content\/uploads\/2026\/03\/Etlap_Itallap_2026_Page_1.jpg\" alt=\"Men\u00fc 1\" \/><br \/>\n<img decoding=\"async\" src=\"https:\/\/melba.hu\/wp-content\/uploads\/2026\/03\/Etlap_Itallap_2026_Page_2.jpg\" \/><br \/>\n<img decoding=\"async\" src=\"https:\/\/melba.hu\/wp-content\/uploads\/2026\/03\/Etlap_Itallap_2026_Page_3.jpg\" \/><br \/>\n<img decoding=\"async\" src=\"https:\/\/melba.hu\/wp-content\/uploads\/2026\/03\/Etlap_Itallap_2026_Page_4.jpg\" \/><br \/>\n<img decoding=\"async\" src=\"https:\/\/melba.hu\/wp-content\/uploads\/2025\/06\/pic41.jpg\" alt=\"Men\u00fc 5\" \/><br \/>\n<img decoding=\"async\" src=\"https:\/\/melba.hu\/wp-content\/uploads\/2025\/06\/pic42.jpg\" alt=\"Men\u00fc 6\" \/><br \/>\n<img decoding=\"async\" src=\"https:\/\/melba.hu\/wp-content\/uploads\/2026\/04\/Melba-Bistro_etlap_2026_Page_2.png\" alt=\"Chef's Offer\" \/><br \/>\n<img decoding=\"async\" src=\"https:\/\/melba.hu\/wp-content\/uploads\/2025\/10\/Melba-Bistro_Reggeli_etlap1.jpg\" alt=\"Men\u00fc 8\" \/><br \/>\n<img decoding=\"async\" src=\"https:\/\/melba.hu\/wp-content\/uploads\/2025\/10\/Melba-Bistro_Reggeli_etlap2.jpg\" alt=\"Men\u00fc 9\" \/><\/p>","protected":false},"excerpt":{"rendered":"","protected":false},"author":2,"featured_media":0,"parent":0,"menu_order":0,"comment_status":"closed","ping_status":"closed","template":"templates\/landing.php","meta":{"_crdt_document":"{\"document\":\"AAC8ArWW9LMam9X6pwfOs7PsBwDasO+eFQC1lvSzGtqw754VAPWW9LMaAJqw754V9Zb0sxoAmrDvnhX1lvSzGgHasO+eFV+D2\/XtDNqw754VEIPb9e0MmrDvnhWD2\/XtDNqw754VEKf0x84Jw9v17QwApYKu4AWasO+eFYPb9e0M5\/THzgkAg9v17Qzn9MfOCQCD2\/XtDOf0x84JAIPb9e0M5\/THzgkAg9v17Qzn9MfOCQCD2\/XtDOf0x84JAIPb9e0M5\/THzgkAg9v17Qzn9MfOCQCD2\/XtDOf0x84JAIPb9e0M5\/THzgkAg9v17Qzn9MfOCQCD2\/XtDKf0x84JjrOz7AfasO+eFQ\/Os7PsBwCasO+eFc6zs+wHApvV+qcHjrOz7Aelgq7gBbWW9LMa5YKu4AUH9Zb0sxoAmrDvnhXBAQIgArwD3gSmBN4EAwJOAwAmAggKsAECEJwBCKgLAoIIBAIIBgIevAIEAggGAh6iAgQCCAYCHqICBAIIBgIeogIEAggGAh6UAgQCCAYCHpQCBAIIBgIenAECMAQDAhAIAwAFAQIIBgIegAMEAggGAh6AAwwWAQP4H7ADlwMBiQMAigI2yi4Mhi4QCgIECrQDugMe\/DbcAbIv8C8DFJgblwMBiQMAsgO0A5YE1DgCnDjIOAIEAkRGVAIBAgoAShQCtjcvogQIAQCyE7ADlwMBiQMAigI2AQAIEAoCBAq0A7oD3jYEAQmmGpcDAYkDALIDtAOvAigAoQLEAKEAxAChAMQAoQDEAKECIQAoAicABAAnAAQAgQCEAIEAhACBAIQAgQCEAIEAhACBAIQBgQCEAIEAhACBAIQBgQCEAIEAhACBAIQBgQCEAIEAhACBAIQBgQCEAIEAhACBAIQBgQCEAIEAhACBAIQBgQCEAIEAhACBAIQBgQCEAIEAhACBAIQAgQGEAIEAhAGBAIQAgQGEAIEAhAGBAIQAgQCEAIEAhAGBAIQAgQCEAIEBJwAoAyEAJwAoACEAKAAhACgBIQAAACEAwQbEAMEAxAPBBagAAAAhAMQAqADEAKgAxACoAMQAqADEAKgAxACoAMQAqADEAKgAxACoAMQAqADEAKgAxACoAMQAqAAhAsQHqAChBiEAoQAAACEApwAHACgDJwAoAScAqJwRnBBzdGF0ZXZlcnNpb25hdXRvc3RhdGV2ZXJzaW9uZG9jdW1lbnRkYXRlZG9jdW1lbnRzbHVnZG9jdW1lbnRzdGF0dXNkb2N1bWVudHRpdGxlTWVsYmEgQmlzdHJvIEV0bGFwZG9jdW1lbnRjb250ZW50PHN0eWxlPgogICAgICAgIC5ldGxhcC1rZXAgezxiciAvPiAgICAgICAgICAgIHdpZHRoOiA7ICAgICAgIC8qIEV6IHRlc3ppIMWRa2V0IGVneWZvcm1hIHN6w6lsZXNzw6kgKi88YnIgLz4gICAgICAgICAgICBoZWlnaHQ6IGF1dG87ICAgICAgLyogRXogYWthZMOhbHlvenphIG1lZywgaG9neSBiw6FybWkgbGV2w6Fnw7Nkam9uICovPGJyIC8+ICAgICAgICAgICAgZGlzcGxheTogYmxvY2s7PGJyIC8+ICAgICAgICAgICAgbWFyZ2luLWJvdHRvbTogMzBweDsgLyogVMOhdm9sc8OhZyBhIGxhcG9rIGvDtnrDtnR0ICovPGJyIC8+ICAgICAgICAgICAgYm94LXNoYWRvdzogMCA0cHggMTBweCByZ2JhKDAsMCwwLDAuMSk7IC8qIEhvZ3kgasOzbCBuw6l6emVuIGtpICovPGJyIC8+ICAgICAgICAgICAgYm9yZGVyOiAxcHggc29saWQgI2RkZDs8YnIgLz4gICAgICAgIH08L3A+CjxwPiAgICAgICAgLyogTW9iaWxvbiwgaG9neSBuZSBsZWd5ZW4gdMO6bCBuYWd5LCB2aXNzemF2ZWhldMO8bmsgYSBzesOpbGVzc8OpZ2LFkWwsIGhhIGFrYXJvZCAqLzxiciAvPiAgICAgICAgQG1lZGlhIChtYXgtd2lkdGg6IDYwMHB4KSB7PGJyIC8+ICAgICAgICAgICAgLmV0bGFwLWtlcCB7PGJyIC8+ICAgICAgICAgICAgICAgIG1hcmdpbi1ib3R0b206IDIwcHg7PGJyIC8+ICAgICAgICAgICAgfTxiciAvPiAgICAgICAgfTxiciAvPiAgICA8L3N0eWxlPjxpbWcgc3JjPSJodHRwczovL21lbGJhLmh1L3dwLWNvbnRlbnQvdXBsb2Fkcy8yMDI2LzAzL0V0bGFwX0l0YWxsYXBfMjAyNl9QYWdlXzEuanBnIiBhbHQ9Ik1lbsO8IDEiIC8+PGltZyBzcmM9Imh0dHBzOi8vbWVsYmEuaHUvd3AtY29udGVudC91cGxvYWRzLzIwMjYvMDMvRXRsYXBfSXRhbGxhcF8yMDI2X1BhZ2VfMi5qcGciIC8+PGltZyBzcmM9Imh0dHBzOi8vbWVsYmEuaHUvd3AtY29udGVudC91cGxvYWRzLzIwMjYvMDMvRXRsYXBfSXRhbGxhcF8yMDI2X1BhZ2VfMy5qcGciIC8+PGltZyBzcmM9Imh0dHBzOi8vbWVsYmEuaHUvd3AtY29udGVudC91cGxvYWRzLzIwMjYvMDMvRXRsYXBfSXRhbGxhcF8yMDI2X1BhZ2VfNC5qcGciIC8+PGltZyBzcmM9Imh0dHBzOi8vbWVsYmEuaHUvd3AtY29udGVudC91cGxvYWRzLzIwMjUvMDYvcGljNDEuanBnIiBhbHQ9Ik1lbsO8IDUiIC8+PGltZyBzcmM9Imh0dHBzOi8vbWVsYmEuaHUvd3AtY29udGVudC91cGxvYWRzLzIwMjUvMDYvcGljNDIuanBnIiBhbHQ9Ik1lbsO8IDYiIC8+PGltZyBzcmM9Imh0dHBzOi8vbWVsYmEuaHUvd3AtY29udGVudC91cGxvYWRzLzIwMjYvMC9NZWxiYS1CaXN0cm9fZXRsYXBfMjAyNi5wZyIgYWx0PSIgLz48aW1nIHNyYz0iaHR0cHM6Ly9tZWxiYS5odS93cC1jb250ZW50L3VwbG9hZHMvMjAyNS8xMC9NZWxiYS1CaXN0cm9fUmVnZ2VsaV9ldGxhcDEuanBnIiBhbHQ9Ik1lbsO8IDgiIC8+PGltZyBzcmM9Imh0dHBzOi8vbWVsYmEuaHUvd3AtY29udGVudC91cGxvYWRzLzIwMjUvMTAvTWVsYmEtQmlzdHJvX1JlZ2dlbGlfZXRsYXAyLmpwZyIgYWx0PSJNZW7DvCA5IiAvPmRvY3VtZW50ZXhjZXJwdGRvY3VtZW50YXV0aG9yZG9jdW1lbnRmZWF0dXJlZF9tZWRpYWRvY3VtZW50Y29tbWVudF9zdGF0dXNkb2N1bWVudHBpbmdfc3RhdHVzZG9jdW1lbnR0ZW1wbGF0ZWRvY3VtZW50bWV0YWZvb3Rub3Rlc19lbGVtZW50b3JfZWRpdF9tb2RlX2VsZW1lbnRvcl90ZW1wbGF0ZV90eXBlX2VsZW1lbnRvcl9kYXRhX2VsZW1lbnRvcl9wYWdlX3NldHRpbmdzX2VsZW1lbnRvcl9jb25kaXRpb25zZG9jdW1lbnRibG9ja3NzdGF0ZXZlcnNpb240X1BhZ2VfMW4ic3RhdGV2ZXJzaW9uMkNoZWYncyBPZmZlcnN0YXRldmVyc2lvbnN0YXRlc2F2ZWRBdHN0YXRlc2F2ZWRCeQoKCgoKCgoKc3RhdGV2ZXJzaW9uc3RhdGV2ZXJzaW9uY2xpZW50SWRpc1ZhbGlkb3JpZ2luYWxDb250ZW50bmFtZWF0dHJpYnV0ZXNjb250ZW50VHJwQ29udGVudFJlc3RyaWN0aW9uaW5uZXJCbG9ja3MFB0ECBQcIBAgECAYIBRIIBwEFAS60BYEEAQQBngEBBAGRAQEEAZEBAQQBkQEBBAGKAQEEAYoBAQQBLhhBAAgBAgEEAaABAQQBoAEIBwgGCA4IDggLSAEECRQYDxgVCAYFBwEGQQEFB0ELBQcFBwUHQQYFBwUHCAcPBAoHFQsPAQUAAAEAAAABBgAFAQcAB0IBAQBBAABAQQwEOAgEAQIDDwIDDwIDDwIDDwIDDwIDDwIDDwECQQAEAUIAAw8CAw8GBEEKCQEDRgQBBwIORgBBAANBGQlBCAcOAH0BbwB3EzIwMjUtMDYtMjZUMTk6NTE6Mjd3DWV0bGFwLWdhbGVyaWF3B3B1Ymxpc2h9An0AdwZjbG9zZWR3BmNsb3NlZHcAdwd3cC1wYWdlfnUAFgB3+RNbeyJpZCI6IjM2NDJhMDE2IiwiZWxUeXBlIjoiY29udGFpbmVyIiwic2V0dGluZ3MiOnsicGFfY29uZGl0aW9uX3JlcGVhdGVyIjpbXSwicHJlbWl1bV90b29sdGlwX3RleHQiOiJIaSwgSSdtIGEgZ2xvYmFsIHRvb2x0aXAuIiwicHJlbWl1bV90b29sdGlwX3Bvc2l0aW9uIjoidG9wLGJvdHRvbSJ9LCJlbGVtZW50cyI6W3siaWQiOiI1YjEzZmFlYiIsImVsVHlwZSI6IndpZGdldCIsInNldHRpbmdzIjp7ImVkaXRvciI6IjxkaXYgc3R5bGU9XCJtYXgtd2lkdGg6IDgwMHB4OyBtYXJnaW46IDAgYXV0bzsgdGV4dC1hbGlnbjogY2VudGVyO1wiPjxzdHlsZT5cbiAgICAgICAgLmV0bGFwLWtlcCB7PGJyIFwvPiAgICAgICAgICAgIHdpZHRoOiAxMDAlOyAgICAgICBcLyogRXogdGVzemkgXHUwMTUxa2V0IGVneWZvcm1hIHN6XHUwMGU5bGVzc1x1MDBlOSAqXC88YnIgXC8+ICAgICAgICAgICAgaGVpZ2h0OiBhdXRvOyAgICAgIFwvKiBFeiBha2FkXHUwMGUxbHlvenphIG1lZywgaG9neSBiXHUwMGUxcm1pIGxldlx1MDBlMWdcdTAwZjNkam9uICpcLzxiciBcLz4gICAgICAgICAgICBkaXNwbGF5OiBibG9jazs8YnIgXC8+ICAgICAgICAgICAgbWFyZ2luLWJvdHRvbTogMzBweDsgXC8qIFRcdTAwZTF2b2xzXHUwMGUxZyBhIGxhcG9rIGtcdTAwZjZ6XHUwMGY2dHQgKlwvPGJyIFwvPiAgICAgICAgICAgIGJveC1zaGFkb3c6IDAgNHB4IDEwcHggcmdiYSgwLDAsMCwwLjEpOyBcLyogSG9neSBqXHUwMGYzbCBuXHUwMGU5enplbiBraSAqXC88YnIgXC8+ICAgICAgICAgICAgYm9yZGVyOiAxcHggc29saWQgI2RkZDs8YnIgXC8+ICAgICAgICB9PFwvcD5cbjxwPiAgICAgICAgXC8qIE1vYmlsb24sIGhvZ3kgbmUgbGVneWVuIHRcdTAwZmFsIG5hZ3ksIHZpc3N6YXZlaGV0XHUwMGZjbmsgYSBzelx1MDBlOWxlc3NcdTAwZTlnYlx1MDE1MWwsIGhhIGFrYXJvZCAqXC88YnIgXC8+ICAgICAgICBAbWVkaWEgKG1heC13aWR0aDogNjAwcHgpIHs8YnIgXC8+ICAgICAgICAgICAgLmV0bGFwLWtlcCB7PGJyIFwvPiAgICAgICAgICAgICAgICBtYXJnaW4tYm90dG9tOiAyMHB4OzxiciBcLz4gICAgICAgICAgICB9PGJyIFwvPiAgICAgICAgfTxiciBcLz4gICAgPFwvc3R5bGU+PHA+PGltZyBjbGFzcz1cImV0bGFwLWtlcFwiIHNyYz1cImh0dHBzOlwvXC9tZWxiYS5odVwvd3AtY29udGVudFwvdXBsb2Fkc1wvMjAyNlwvMDNcL0V0bGFwX0l0YWxsYXBfMjAyNl9QYWdlXzEuanBnXCIgYWx0PVwiTWVuXHUwMGZjIDFcIiBcLz48YnIgXC8+PGltZyBjbGFzcz1cImV0bGFwLWtlcFwiIHNyYz1cImh0dHBzOlwvXC9tZWxiYS5odVwvd3AtY29udGVudFwvdXBsb2Fkc1wvMjAyNlwvMDNcL0V0bGFwX0l0YWxsYXBfMjAyNl9QYWdlXzIuanBnXCIgXC8+PGJyIFwvPjxpbWcgY2xhc3M9XCJldGxhcC1rZXBcIiBzcmM9XCJodHRwczpcL1wvbWVsYmEuaHVcL3dwLWNvbnRlbnRcL3VwbG9hZHNcLzIwMjZcLzAzXC9FdGxhcF9JdGFsbGFwXzIwMjZfUGFnZV8zLmpwZ1wiIFwvPjxiciBcLz48aW1nIGNsYXNzPVwiZXRsYXAta2VwXCIgc3JjPVwiaHR0cHM6XC9cL21lbGJhLmh1XC93cC1jb250ZW50XC91cGxvYWRzXC8yMDI2XC8wM1wvRXRsYXBfSXRhbGxhcF8yMDI2X1BhZ2VfNC5qcGdcIiBcLz48YnIgXC8+PGltZyBjbGFzcz1cImV0bGFwLWtlcFwiIHNyYz1cImh0dHBzOlwvXC9tZWxiYS5odVwvd3AtY29udGVudFwvdXBsb2Fkc1wvMjAyNVwvMDZcL3BpYzQxLmpwZ1wiIGFsdD1cIk1lblx1MDBmYyA1XCIgXC8+PGJyIFwvPjxpbWcgY2xhc3M9XCJldGxhcC1rZXBcIiBzcmM9XCJodHRwczpcL1wvbWVsYmEuaHVcL3dwLWNvbnRlbnRcL3VwbG9hZHNcLzIwMjVcLzA2XC9waWM0Mi5qcGdcIiBhbHQ9XCJNZW5cdTAwZmMgNlwiIFwvPjxiciBcLz48aW1nIGNsYXNzPVwiYWxpZ25jZW50ZXIgd3AtaW1hZ2UtNDgxNSBzaXplLWZ1bGxcIiBzcmM9XCJodHRwczpcL1wvbWVsYmEuaHVcL3dwLWNvbnRlbnRcL3VwbG9hZHNcLzIwMjZcLzA0XC9NZWxiYS1CaXN0cm9fZXRsYXBfMjAyNi4wNF9QYWdlXzEucG5nXCIgYWx0PVwiXCIgd2lkdGg9XCI3OTRcIiBoZWlnaHQ9XCIxMTIzXCIgXC8+PGJyIFwvPjxpbWcgY2xhc3M9XCJldGxhcC1rZXBcIiBzcmM9XCJodHRwczpcL1wvbWVsYmEuaHVcL3dwLWNvbnRlbnRcL3VwbG9hZHNcLzIwMjVcLzEwXC9NZWxiYS1CaXN0cm9fUmVnZ2VsaV9ldGxhcDEuanBnXCIgYWx0PVwiTWVuXHUwMGZjIDhcIiBcLz48YnIgXC8+PGltZyBjbGFzcz1cImV0bGFwLWtlcFwiIHNyYz1cImh0dHBzOlwvXC9tZWxiYS5odVwvd3AtY29udGVudFwvdXBsb2Fkc1wvMjAyNVwvMTBcL01lbGJhLUJpc3Ryb19SZWdnZWxpX2V0bGFwMi5qcGdcIiBhbHQ9XCJNZW5cdTAwZmMgOVwiIFwvPjxcL3A+PFwvZGl2PiIsInBhX2NvbmRpdGlvbl9yZXBlYXRlciI6W10sInByZW1pdW1fdG9vbHRpcF90ZXh0IjoiSGksIEknbSBhIGdsb2JhbCB0b29sdGlwLiIsInByZW1pdW1fdG9vbHRpcF9wb3NpdGlvbiI6InRvcCxib3R0b20ifSwiZWxlbWVudHMiOltdLCJ3aWRnZXRUeXBlIjoidGV4dC1lZGl0b3IifV0sImlzSW5uZXIiOmZhbHNlfV0bAH9\/f39\/f39\/f39\/f38TAHcAAwAOAHckOTEyNDRhMmYtNGZhYy00YzM3LWFhNTgtMTE1YzFjNjczZDI5eHe9DDxzdHlsZT4KICAgICAgICAuZXRsYXAta2VwIHs8YnIgLz4gICAgICAgICAgICB3aWR0aDogYXV0bzsgICAgICAgLyogRXogdGVzemkgxZFrZXQgZWd5Zm9ybWEgc3rDqWxlc3PDqSAqLzxiciAvPiAgICAgICAgICAgIGhlaWdodDogYXV0bzsgICAgICAvKiBFeiBha2Fkw6FseW96emEgbWVnLCBob2d5IGLDoXJtaSBsZXbDoWfDs2Rqb24gKi88YnIgLz4gICAgICAgICAgICBkaXNwbGF5OiBibG9jazs8YnIgLz4gICAgICAgICAgICBtYXJnaW4tYm90dG9tOiAzMHB4OyAvKiBUw6F2b2xzw6FnIGEgbGFwb2sga8O2esO2dHQgKi88YnIgLz4gICAgICAgICAgICBib3gtc2hhZG93OiAwIDRweCAxMHB4IHJnYmEoMCwwLDAsMC4xKTsgLyogSG9neSBqw7NsIG7DqXp6ZW4ga2kgKi88YnIgLz4gICAgICAgICAgICBib3JkZXI6IDFweCBzb2xpZCAjZGRkOzxiciAvPiAgICAgICAgfTwvcD4KPHA+ICAgICAgICAvKiBNb2JpbG9uLCBob2d5IG5lIGxlZ3llbiB0w7psIG5hZ3ksIHZpc3N6YXZlaGV0w7xuayBhIHN6w6lsZXNzw6lnYsWRbCwgaGEgYWthcm9kICovPGJyIC8+ICAgICAgICBAbWVkaWEgKG1heC13aWR0aDogNjAwcHgpIHs8YnIgLz4gICAgICAgICAgICAuZXRsYXAta2VwIHs8YnIgLz4gICAgICAgICAgICAgICAgbWFyZ2luLWJvdHRvbTogMjBweDs8YnIgLz4gICAgICAgICAgICB9PGJyIC8+ICAgICAgICB9PGJyIC8+ICAgIDwvc3R5bGU+CjxwPjxpbWcgc3JjPSJodHRwczovL21lbGJhLmh1L3dwLWNvbnRlbnQvdXBsb2Fkcy8yMDI2LzAzL0V0bGFwX0l0YWxsYXBfMjAyNl9QYWdlXzEuanBnIiBhbHQ9Ik1lbsO8IDEiIC8+PGJyIC8+CjxpbWcgc3JjPSJodHRwczovL21lbGJhLmh1L3dwLWNvbnRlbnQvdXBsb2Fkcy8yMDI2LzAzL0V0bGFwX0l0YWxsYXBfMjAyNl9QYWdlXzIuanBnIiAvPjxiciAvPgo8aW1nIHNyYz0iaHR0cHM6Ly9tZWxiYS5odS93cC1jb250ZW50L3VwbG9hZHMvMjAyNi8wMy9FdGxhcF9JdGFsbGFwXzIwMjZfUGFnZV8zLmpwZyIgLz48YnIgLz4KPGltZyBzcmM9Imh0dHBzOi8vbWVsYmEuaHUvd3AtY29udGVudC91cGxvYWRzLzIwMjYvMDMvRXRsYXBfSXRhbGxhcF8yMDI2X1BhZ2VfNC5qcGciIC8+PGJyIC8+CjxpbWcgc3JjPSJodHRwczovL21lbGJhLmh1L3dwLWNvbnRlbnQvdXBsb2Fkcy8yMDI1LzA2L3BpYzQxLmpwZyIgYWx0PSJNZW7DvCA1IiAvPjxiciAvPgo8aW1nIHNyYz0iaHR0cHM6Ly9tZWxiYS5odS93cC1jb250ZW50L3VwbG9hZHMvMjAyNS8wNi9waWM0Mi5qcGciIGFsdD0iTWVuw7wgNiIgLz48YnIgLz4KPGltZyBzcmM9Imh0dHBzOi8vbWVsYmEuaHUvd3AtY29udGVudC91cGxvYWRzLzIwMjYvMDQvTWVsYmEtQmlzdHJvX2V0bGFwXzIwMjZfUGFnZV8xLnBuZyIgYWx0PSIiIC8+PGJyIC8+CjxpbWcgc3JjPSJodHRwczovL21lbGJhLmh1L3dwLWNvbnRlbnQvdXBsb2Fkcy8yMDI1LzEwL01lbGJhLUJpc3Ryb19SZWdnZWxpX2V0bGFwMS5qcGciIGFsdD0iTWVuw7wgOCIgLz48YnIgLz4KPGltZyBzcmM9Imh0dHBzOi8vbWVsYmEuaHUvd3AtY29udGVudC91cGxvYWRzLzIwMjUvMTAvTWVsYmEtQmlzdHJvX1JlZ2dlbGlfZXRsYXAyLmpwZyIgYWx0PSJNZW7DvCA5IiAvPjwvcD53DWNvcmUvZnJlZWZvcm13vQw8c3R5bGU+CiAgICAgICAgLmV0bGFwLWtlcCB7PGJyIC8+ICAgICAgICAgICAgd2lkdGg6IGF1dG87ICAgICAgIC8qIEV6IHRlc3ppIMWRa2V0IGVneWZvcm1hIHN6w6lsZXNzw6kgKi88YnIgLz4gICAgICAgICAgICBoZWlnaHQ6IGF1dG87ICAgICAgLyogRXogYWthZMOhbHlvenphIG1lZywgaG9neSBiw6FybWkgbGV2w6Fnw7Nkam9uICovPGJyIC8+ICAgICAgICAgICAgZGlzcGxheTogYmxvY2s7PGJyIC8+ICAgICAgICAgICAgbWFyZ2luLWJvdHRvbTogMzBweDsgLyogVMOhdm9sc8OhZyBhIGxhcG9rIGvDtnrDtnR0ICovPGJyIC8+ICAgICAgICAgICAgYm94LXNoYWRvdzogMCA0cHggMTBweCByZ2JhKDAsMCwwLDAuMSk7IC8qIEhvZ3kgasOzbCBuw6l6emVuIGtpICovPGJyIC8+ICAgICAgICAgICAgYm9yZGVyOiAxcHggc29saWQgI2RkZDs8YnIgLz4gICAgICAgIH08L3A+CjxwPiAgICAgICAgLyogTW9iaWxvbiwgaG9neSBuZSBsZWd5ZW4gdMO6bCBuYWd5LCB2aXNzemF2ZWhldMO8bmsgYSBzesOpbGVzc8OpZ2LFkWwsIGhhIGFrYXJvZCAqLzxiciAvPiAgICAgICAgQG1lZGlhIChtYXgtd2lkdGg6IDYwMHB4KSB7PGJyIC8+ICAgICAgICAgICAgLmV0bGFwLWtlcCB7PGJyIC8+ICAgICAgICAgICAgICAgIG1hcmdpbi1ib3R0b206IDIwcHg7PGJyIC8+ICAgICAgICAgICAgfTxiciAvPiAgICAgICAgfTxiciAvPiAgICA8L3N0eWxlPgo8cD48aW1nIHNyYz0iaHR0cHM6Ly9tZWxiYS5odS93cC1jb250ZW50L3VwbG9hZHMvMjAyNi8wMy9FdGxhcF9JdGFsbGFwXzIwMjZfUGFnZV8xLmpwZyIgYWx0PSJNZW7DvCAxIiAvPjxiciAvPgo8aW1nIHNyYz0iaHR0cHM6Ly9tZWxiYS5odS93cC1jb250ZW50L3VwbG9hZHMvMjAyNi8wMy9FdGxhcF9JdGFsbGFwXzIwMjZfUGFnZV8yLmpwZyIgLz48YnIgLz4KPGltZyBzcmM9Imh0dHBzOi8vbWVsYmEuaHUvd3AtY29udGVudC91cGxvYWRzLzIwMjYvMDMvRXRsYXBfSXRhbGxhcF8yMDI2X1BhZ2VfMy5qcGciIC8+PGJyIC8+CjxpbWcgc3JjPSJodHRwczovL21lbGJhLmh1L3dwLWNvbnRlbnQvdXBsb2Fkcy8yMDI2LzAzL0V0bGFwX0l0YWxsYXBfMjAyNl9QYWdlXzQuanBnIiAvPjxiciAvPgo8aW1nIHNyYz0iaHR0cHM6Ly9tZWxiYS5odS93cC1jb250ZW50L3VwbG9hZHMvMjAyNS8wNi9waWM0MS5qcGciIGFsdD0iTWVuw7wgNSIgLz48YnIgLz4KPGltZyBzcmM9Imh0dHBzOi8vbWVsYmEuaHUvd3AtY29udGVudC91cGxvYWRzLzIwMjUvMDYvcGljNDIuanBnIiBhbHQ9Ik1lbsO8IDYiIC8+PGJyIC8+CjxpbWcgc3JjPSJodHRwczovL21lbGJhLmh1L3dwLWNvbnRlbnQvdXBsb2Fkcy8yMDI2LzA0L01lbGJhLUJpc3Ryb19ldGxhcF8yMDI2X1BhZ2VfMS5wbmciIGFsdD0iIiAvPjxiciAvPgo8aW1nIHNyYz0iaHR0cHM6Ly9tZWxiYS5odS93cC1jb250ZW50L3VwbG9hZHMvMjAyNS8xMC9NZWxiYS1CaXN0cm9fUmVnZ2VsaV9ldGxhcDEuanBnIiBhbHQ9Ik1lbsO8IDgiIC8+PGJyIC8+CjxpbWcgc3JjPSJodHRwczovL21lbGJhLmh1L3dwLWNvbnRlbnQvdXBsb2Fkcy8yMDI1LzEwL01lbGJhLUJpc3Ryb19SZWdnZWxpX2V0bGFwMi5qcGciIGFsdD0iTWVuw7wgOSIgLz48L3A+dgMQcmVzdHJpY3Rpb25fdHlwZXcHZXhjbHVkZRJzZWxlY3RlZF9sYW5ndWFnZXN1AApwYW5lbF9vcGVueHtCed2Zj6vAAH2lgq7gBXcVdGVtcGxhdGVzL2xhbmRpbmcucGhwB7WL+pkNBQECAQABAAEAAQKa2LfPCisAABgDBTcBBy4D9AIAgQIBBQIBDl4BBQIBDlEBBQIBDlEBBQIBDlEBBQIBDkoBBQIBDkoBBQIBDi4AGAIBAAkDAQICAQUCAQ5gAQUCAQ5gCQUAAgABAAIJw+36tgYFACcBAAYAAiMBAqf6o+cEDQAAAQABAAEAAQABAAEAAQABAAEAAQABAAEAztmZ9gMCAAIJBtuq\/dMDAQAKpYGX8AIBAAo=\",\"updateId\":113976930}","footnotes":""},"class_list":["post-454","page","type-page","status-publish","hentry","entry"],"_links":{"self":[{"href":"https:\/\/melba.hu\/en\/wp-json\/wp\/v2\/pages\/454","targetHints":{"allow":["GET"]}}],"collection":[{"href":"https:\/\/melba.hu\/en\/wp-json\/wp\/v2\/pages"}],"about":[{"href":"https:\/\/melba.hu\/en\/wp-json\/wp\/v2\/types\/page"}],"author":[{"embeddable":true,"href":"https:\/\/melba.hu\/en\/wp-json\/wp\/v2\/users\/2"}],"replies":[{"embeddable":true,"href":"https:\/\/melba.hu\/en\/wp-json\/wp\/v2\/comments?post=454"}],"version-history":[{"count":43,"href":"https:\/\/melba.hu\/en\/wp-json\/wp\/v2\/pages\/454\/revisions"}],"predecessor-version":[{"id":5136,"href":"https:\/\/melba.hu\/en\/wp-json\/wp\/v2\/pages\/454\/revisions\/5136"}],"wp:attachment":[{"href":"https:\/\/melba.hu\/en\/wp-json\/wp\/v2\/media?parent=454"}],"curies":[{"name":"wp","href":"https:\/\/api.w.org\/{rel}","templated":true}]}}