{"id":4516,"date":"2026-03-20T10:48:38","date_gmt":"2026-03-20T09:48:38","guid":{"rendered":"https:\/\/melba.hu\/?page_id=4516"},"modified":"2026-04-29T13:36:41","modified_gmt":"2026-04-29T11:36:41","slug":"menu-chef-ajanlat","status":"publish","type":"page","link":"https:\/\/melba.hu\/en\/menu-chef-ajanlat\/","title":{"rendered":"Menu &#8211; Chef-aj\u00e1nlat"},"content":{"rendered":"<div data-elementor-type=\"wp-page\" data-elementor-id=\"4516\" class=\"elementor elementor-4516\" data-elementor-post-type=\"page\">\n\t\t\t\t<div class=\"elementor-element elementor-element-7255d03c e-flex e-con-boxed e-con e-parent\" data-id=\"7255d03c\" data-element_type=\"container\" data-e-type=\"container\">\n\t\t\t\t\t<div class=\"e-con-inner\">\n\t\t\t\t<div class=\"elementor-element elementor-element-224d78f7 elementor-widget__width-inherit elementor-widget elementor-widget-text-editor\" data-id=\"224d78f7\" data-element_type=\"widget\" data-e-type=\"widget\" data-widget_type=\"text-editor.default\">\n\t\t\t\t<div class=\"elementor-widget-container\">\n\t\t\t\t\t\t\t\t\t<div style=\"max-width: 800px; margin: 0 auto; text-align: center;\"><style>\n        .etlap-kep {<br \/>            width: 100%;       \/* Ez teszi \u0151ket egyforma sz\u00e9less\u00e9 *\/<br \/>            height: auto;      \/* Ez akad\u00e1lyozza meg, hogy b\u00e1rmi lev\u00e1g\u00f3djon *\/<br \/>            display: block;<br \/>            margin-bottom: 30px; \/* T\u00e1vols\u00e1g a lapok k\u00f6z\u00f6tt *\/<br \/>            box-shadow: 0 4px 10px rgba(0,0,0,0.1); \/* Hogy j\u00f3l n\u00e9zzen ki *\/<br \/>            border: 1px solid #ddd;<br \/>        }<\/p>\n<p>        \/* Mobilon, hogy ne legyen t\u00fal nagy, visszavehet\u00fcnk a sz\u00e9less\u00e9gb\u0151l, ha akarod *\/<br \/>        @media (max-width: 600px) {<br \/>            .etlap-kep {<br \/>                margin-bottom: 20px;<br \/>            }<br \/>        }<br \/>    <\/style><p><img fetchpriority=\"high\" decoding=\"async\" class=\"aligncenter wp-image-4917 size-full\" src=\"https:\/\/melba.hu\/wp-content\/uploads\/2026\/04\/Melba-Bistro_etlap_2026_Page_1.png\" alt=\"\" width=\"794\" height=\"1123\" srcset=\"https:\/\/melba.hu\/wp-content\/uploads\/2026\/04\/Melba-Bistro_etlap_2026_Page_1.png 794w, https:\/\/melba.hu\/wp-content\/uploads\/2026\/04\/Melba-Bistro_etlap_2026_Page_1-212x300.png 212w, https:\/\/melba.hu\/wp-content\/uploads\/2026\/04\/Melba-Bistro_etlap_2026_Page_1-724x1024.png 724w, https:\/\/melba.hu\/wp-content\/uploads\/2026\/04\/Melba-Bistro_etlap_2026_Page_1-768x1086.png 768w, https:\/\/melba.hu\/wp-content\/uploads\/2026\/04\/Melba-Bistro_etlap_2026_Page_1-141x200.png 141w, https:\/\/melba.hu\/wp-content\/uploads\/2026\/04\/Melba-Bistro_etlap_2026_Page_1-8x12.png 8w\" sizes=\"(max-width: 794px) 100vw, 794px\" \/><\/p><\/div>\t\t\t\t\t\t\t\t<\/div>\n\t\t\t\t<\/div>\n\t\t\t\t\t<\/div>\n\t\t\t\t<\/div>\n\t\t\t\t<\/div>","protected":false},"excerpt":{"rendered":"","protected":false},"author":3,"featured_media":0,"parent":0,"menu_order":0,"comment_status":"closed","ping_status":"closed","template":"elementor_header_footer","meta":{"_crdt_document":"{\"document\":\"AABJifyvhBXzubS3BAKA+o\/aDMn8r4QVB4D6j9oM87m0twQDwPqP2gwCk9OyxwuM2cHrBfO5tLcECMn8r4QVAsD6j9oMAPO5tLcEGDuUFroDFtoaCAIBAgoASqYXNroB6BoCCAKkGAYiHALoGQYEBlACSiieFQamAQI0AwIiAwAEFAIGCBYBAwqWFqYBNgIGIhwCYSgAwQCBAKEApwAHACEAKAAhACgAJwAhACgAJwAhAsQBoQQhAcQEqAUhACgCJwAEACcABACBAIQAgQCEAIEAhACBAIQBgQCEAIEAhAGBAIQAgQAnACgEJwAoAiEAKAEhAAD+CrQKc3RhdGV2ZXJzaW9uY2xpZW50SWRpc1ZhbGlkb3JpZ2luYWxDb250ZW50bmFtZWF0dHJpYnV0ZXNjb250ZW50VHJwQ29udGVudFJlc3RyaWN0aW9uaW5uZXJCbG9ja3NzdGF0ZXZlcnNpb25zdGF0ZXNhdmVkQXRzdGF0ZXNhdmVkQnk0NHN0YXRldmVyc2lvbnN0YXRldmVyc2lvbl9QYWdlXzFuNzkxMTNzdGF0ZXZlcnNpb25kb2N1bWVudGRhdGVkb2N1bWVudHNsdWdkb2N1bWVudHN0YXR1c2RvY3VtZW50dGl0bGVNZW51IC0gQ2hlZi1hasOhbmxhdGRvY3VtZW50Y29udGVudDxzdHlsZT4KICAgICAgICAuZXRsYXAta2VwIHs8YnIgLz4gICAgICAgICAgICB3aWR0aDogMTAwJTsgICAgICAgLyogRXogdGVzemkgxZFrZXQgZWd5Zm9ybWEgc3rDqWxlc3PDqSAqLzxiciAvPiAgICAgICAgICAgIGhlaWdodDogYXV0bzsgICAgICAvKiBFeiBha2Fkw6FseW96emEgbWVnLCBob2d5IGLDoXJtaSBsZXbDoWfDs2Rqb24gKi88YnIgLz4gICAgICAgICAgICBkaXNwbGF5OiBibG9jazs8YnIgLz4gICAgICAgICAgICBtYXJnaW4tYm90dG9tOiAzMHB4OyAvKiBUw6F2b2xzw6FnIGEgbGFwb2sga8O2esO2dHQgKi88YnIgLz4gICAgICAgICAgICBib3gtc2hhZG93OiAwIDRweCAxMHB4IHJnYmEoMCwwLDAsMC4xKTsgLyogSG9neSBqw7NsIG7DqXp6ZW4ga2kgKi88YnIgLz4gICAgICAgICAgICBib3JkZXI6IDFweCBzb2xpZCAjZGRkOzxiciAvPiAgICAgICAgfTwvcD4KPHA+ICAgICAgICAvKiBNb2JpbG9uLCBob2d5IG5lIGxlZ3llbiB0w7psIG5hZ3ksIHZpc3N6YXZlaGV0w7xuayBhIHN6w6lsZXNzw6lnYsWRbCwgaGEgYWthcm9kICovPGJyIC8+ICAgICAgICBAbWVkaWEgKG1heC13aWR0aDogNjAwcHgpIHs8YnIgLz4gICAgICAgICAgICAuZXRsYXAta2VwIHs8YnIgLz4gICAgICAgICAgICAgICAgbWFyZ2luLWJvdHRvbTogMjBweDs8YnIgLz4gICAgICAgICAgICB9PGJyIC8+ICAgICAgICB9PGJyIC8+ICAgIDwvc3R5bGU+PGltZyBzcmM9Imh0dHBzOi8vbWVsYmEuaHUvd3AtY29udGVudC91cGxvYWRzLzIwMjYvMC9NZWxiYS1CaXN0cm9fZXRsYXBfMjAyNi4wLnBnIiBhbHQ9IiIgd2lkdGg9IjQiIGhlaWdodD0iMiIgLz5kb2N1bWVudGV4Y2VycHRkb2N1bWVudGF1dGhvcmRvY3VtZW50ZmVhdHVyZWRfbWVkaWFkb2N1bWVudGNvbW1lbnRfc3RhdHVzZG9jdW1lbnRwaW5nX3N0YXR1c2RvY3VtZW50dGVtcGxhdGVkb2N1bWVudG1ldGFmb290bm90ZXNfZWxlbWVudG9yX2VkaXRfbW9kZV9lbGVtZW50b3JfdGVtcGxhdGVfdHlwZV9lbGVtZW50b3JfZGF0YV9lbGVtZW50b3JfcGFnZV9zZXR0aW5nc19lbGVtZW50b3JfY29uZGl0aW9uc2RvY3VtZW50YmxvY2tzBQcIBw8ECgcVCwUHBQcFB0EABQcFRwABQgABBQcIBAgECAYIBRMIB68KMxpBABEBCgEECAcIBggOCA4IC0gBBAkUGA8YFQgGEQEAAAgBCQAAAQAAAAEGAAUBBwBBAABCAQEOAQMEQRkDQQICAwRBCgkFDgB9AXh3DWNvcmUvZnJlZWZvcm12AxByZXN0cmljdGlvbl90eXBldwdleGNsdWRlEnNlbGVjdGVkX2xhbmd1YWdlc3UACnBhbmVsX29wZW54CgABAAwAd9YMW3siaWQiOiI3MjU1ZDAzYyIsImVsVHlwZSI6ImNvbnRhaW5lciIsInNldHRpbmdzIjp7InBhX2NvbmRpdGlvbl9yZXBlYXRlciI6W10sInByZW1pdW1fdG9vbHRpcF90ZXh0IjoiSGksIEknbSBhIGdsb2JhbCB0b29sdGlwLiIsInByZW1pdW1fdG9vbHRpcF9wb3NpdGlvbiI6InRvcCxib3R0b20iLCJib3hlZF93aWR0aCI6eyJ1bml0IjoicHgiLCJzaXplIjoxMTQwLCJzaXplcyI6W119fSwiZWxlbWVudHMiOlt7ImlkIjoiMjI0ZDc4ZjciLCJlbFR5cGUiOiJ3aWRnZXQiLCJzZXR0aW5ncyI6eyJlZGl0b3IiOiI8ZGl2IHN0eWxlPVwibWF4LXdpZHRoOiA4MDBweDsgbWFyZ2luOiAwIGF1dG87IHRleHQtYWxpZ246IGNlbnRlcjtcIj48c3R5bGU+XG4gICAgICAgIC5ldGxhcC1rZXAgezxiciBcLz4gICAgICAgICAgICB3aWR0aDogMTAwJTsgICAgICAgXC8qIEV6IHRlc3ppIFx1MDE1MWtldCBlZ3lmb3JtYSBzelx1MDBlOWxlc3NcdTAwZTkgKlwvPGJyIFwvPiAgICAgICAgICAgIGhlaWdodDogYXV0bzsgICAgICBcLyogRXogYWthZFx1MDBlMWx5b3p6YSBtZWcsIGhvZ3kgYlx1MDBlMXJtaSBsZXZcdTAwZTFnXHUwMGYzZGpvbiAqXC88YnIgXC8+ICAgICAgICAgICAgZGlzcGxheTogYmxvY2s7PGJyIFwvPiAgICAgICAgICAgIG1hcmdpbi1ib3R0b206IDMwcHg7IFwvKiBUXHUwMGUxdm9sc1x1MDBlMWcgYSBsYXBvayBrXHUwMGY2elx1MDBmNnR0ICpcLzxiciBcLz4gICAgICAgICAgICBib3gtc2hhZG93OiAwIDRweCAxMHB4IHJnYmEoMCwwLDAsMC4xKTsgXC8qIEhvZ3kgalx1MDBmM2wgblx1MDBlOXp6ZW4ga2kgKlwvPGJyIFwvPiAgICAgICAgICAgIGJvcmRlcjogMXB4IHNvbGlkICNkZGQ7PGJyIFwvPiAgICAgICAgfTxcL3A+XG48cD4gICAgICAgIFwvKiBNb2JpbG9uLCBob2d5IG5lIGxlZ3llbiB0XHUwMGZhbCBuYWd5LCB2aXNzemF2ZWhldFx1MDBmY25rIGEgc3pcdTAwZTlsZXNzXHUwMGU5Z2JcdTAxNTFsLCBoYSBha2Fyb2QgKlwvPGJyIFwvPiAgICAgICAgQG1lZGlhIChtYXgtd2lkdGg6IDYwMHB4KSB7PGJyIFwvPiAgICAgICAgICAgIC5ldGxhcC1rZXAgezxiciBcLz4gICAgICAgICAgICAgICAgbWFyZ2luLWJvdHRvbTogMjBweDs8YnIgXC8+ICAgICAgICAgICAgfTxiciBcLz4gICAgICAgIH08YnIgXC8+ICAgIDxcL3N0eWxlPjxwPjxpbWcgY2xhc3M9XCJhbGlnbmNlbnRlciB3cC1pbWFnZS00ODE1IHNpemUtZnVsbFwiIHNyYz1cImh0dHBzOlwvXC9tZWxiYS5odVwvd3AtY29udGVudFwvdXBsb2Fkc1wvMjAyNlwvMDRcL01lbGJhLUJpc3Ryb19ldGxhcF8yMDI2LjA0X1BhZ2VfMS5wbmdcIiBhbHQ9XCJcIiB3aWR0aD1cIjc5NFwiIGhlaWdodD1cIjExMjNcIiBcLz48XC9wPjxcL2Rpdj4iLCJwYV9jb25kaXRpb25fcmVwZWF0ZXIiOltdLCJwcmVtaXVtX3Rvb2x0aXBfdGV4dCI6IkhpLCBJJ20gYSBnbG9iYWwgdG9vbHRpcC4iLCJwcmVtaXVtX3Rvb2x0aXBfcG9zaXRpb24iOiJ0b3AsYm90dG9tIiwiX2VsZW1lbnRfd2lkdGgiOiJpbmhlcml0IiwiY29sdW1uX2dhcCI6eyJ1bml0IjoicHgiLCJzaXplIjowLCJzaXplcyI6W119fSwiZWxlbWVudHMiOltdLCJ3aWRnZXRUeXBlIjoidGV4dC1lZGl0b3IifV0sImlzSW5uZXIiOmZhbHNlfV13JDA1MzBlYjJjLWQ5M2ItNGZjZC1iMDQ2LTU2NTljMjQzMzEyN3fIBjxzdHlsZT4KICAgICAgICAuZXRsYXAta2VwIHs8YnIgLz4gICAgICAgICAgICB3aWR0aDogMTAwJTsgICAgICAgLyogRXogdGVzemkgxZFrZXQgZWd5Zm9ybWEgc3rDqWxlc3PDqSAqLzxiciAvPiAgICAgICAgICAgIGhlaWdodDogYXV0bzsgICAgICAvKiBFeiBha2Fkw6FseW96emEgbWVnLCBob2d5IGLDoXJtaSBsZXbDoWfDs2Rqb24gKi88YnIgLz4gICAgICAgICAgICBkaXNwbGF5OiBibG9jazs8YnIgLz4gICAgICAgICAgICBtYXJnaW4tYm90dG9tOiAzMHB4OyAvKiBUw6F2b2xzw6FnIGEgbGFwb2sga8O2esO2dHQgKi88YnIgLz4gICAgICAgICAgICBib3gtc2hhZG93OiAwIDRweCAxMHB4IHJnYmEoMCwwLDAsMC4xKTsgLyogSG9neSBqw7NsIG7DqXp6ZW4ga2kgKi88YnIgLz4gICAgICAgICAgICBib3JkZXI6IDFweCBzb2xpZCAjZGRkOzxiciAvPiAgICAgICAgfTwvcD4KPHA+ICAgICAgICAvKiBNb2JpbG9uLCBob2d5IG5lIGxlZ3llbiB0w7psIG5hZ3ksIHZpc3N6YXZlaGV0w7xuayBhIHN6w6lsZXNzw6lnYsWRbCwgaGEgYWthcm9kICovPGJyIC8+ICAgICAgICBAbWVkaWEgKG1heC13aWR0aDogNjAwcHgpIHs8YnIgLz4gICAgICAgICAgICAuZXRsYXAta2VwIHs8YnIgLz4gICAgICAgICAgICAgICAgbWFyZ2luLWJvdHRvbTogMjBweDs8YnIgLz4gICAgICAgICAgICB9PGJyIC8+ICAgICAgICB9PGJyIC8+ICAgIDwvc3R5bGU+CjxwPjxpbWcgc3JjPSJodHRwczovL21lbGJhLmh1L3dwLWNvbnRlbnQvdXBsb2Fkcy8yMDI2LzA0L01lbGJhLUJpc3Ryb19ldGxhcF8yMDI2LjA0X1BhZ2VfMS5wbmciIGFsdD0iIiB3aWR0aD0iNzk0IiBoZWlnaHQ9IjExMjMiIC8+PC9wPnfIBjxzdHlsZT4KICAgICAgICAuZXRsYXAta2VwIHs8YnIgLz4gICAgICAgICAgICB3aWR0aDogMTAwJTsgICAgICAgLyogRXogdGVzemkgxZFrZXQgZWd5Zm9ybWEgc3rDqWxlc3PDqSAqLzxiciAvPiAgICAgICAgICAgIGhlaWdodDogYXV0bzsgICAgICAvKiBFeiBha2Fkw6FseW96emEgbWVnLCBob2d5IGLDoXJtaSBsZXbDoWfDs2Rqb24gKi88YnIgLz4gICAgICAgICAgICBkaXNwbGF5OiBibG9jazs8YnIgLz4gICAgICAgICAgICBtYXJnaW4tYm90dG9tOiAzMHB4OyAvKiBUw6F2b2xzw6FnIGEgbGFwb2sga8O2esO2dHQgKi88YnIgLz4gICAgICAgICAgICBib3gtc2hhZG93OiAwIDRweCAxMHB4IHJnYmEoMCwwLDAsMC4xKTsgLyogSG9neSBqw7NsIG7DqXp6ZW4ga2kgKi88YnIgLz4gICAgICAgICAgICBib3JkZXI6IDFweCBzb2xpZCAjZGRkOzxiciAvPiAgICAgICAgfTwvcD4KPHA+ICAgICAgICAvKiBNb2JpbG9uLCBob2d5IG5lIGxlZ3llbiB0w7psIG5hZ3ksIHZpc3N6YXZlaGV0w7xuayBhIHN6w6lsZXNzw6lnYsWRbCwgaGEgYWthcm9kICovPGJyIC8+ICAgICAgICBAbWVkaWEgKG1heC13aWR0aDogNjAwcHgpIHs8YnIgLz4gICAgICAgICAgICAuZXRsYXAta2VwIHs8YnIgLz4gICAgICAgICAgICAgICAgbWFyZ2luLWJvdHRvbTogMjBweDs8YnIgLz4gICAgICAgICAgICB9PGJyIC8+ICAgICAgICB9PGJyIC8+ICAgIDwvc3R5bGU+CjxwPjxpbWcgc3JjPSJodHRwczovL21lbGJhLmh1L3dwLWNvbnRlbnQvdXBsb2Fkcy8yMDI2LzA0L01lbGJhLUJpc3Ryb19ldGxhcF8yMDI2LjA0X1BhZ2VfMS5wbmciIGFsdD0iIiB3aWR0aD0iNzk0IiBoZWlnaHQ9IjExMjMiIC8+PC9wPntCedtPnbiAAH2M2cHrBSgAdxMyMDI2LTAzLTIwVDEwOjQ4OjM4dxFtZW51LWNoZWYtYWphbmxhdHcHcHVibGlzaH0DfQB3BmNsb3NlZHcGY2xvc2VkdxdlbGVtZW50b3JfaGVhZGVyX2Zvb3RlcncAdwdidWlsZGVydwd3cC1wYWdlfnUABYn+l8IKBAEHAgABAAIAgP2HrQYCAAICBNOp2eMFAQAAzOzg9QIBAADznNqbAgsAAMcFAjMAGgABABIAAQELAgQDCgACCQ==\",\"updateId\":607696930}","footnotes":""},"class_list":["post-4516","page","type-page","status-publish","hentry","entry"],"_links":{"self":[{"href":"https:\/\/melba.hu\/en\/wp-json\/wp\/v2\/pages\/4516","targetHints":{"allow":["GET"]}}],"collection":[{"href":"https:\/\/melba.hu\/en\/wp-json\/wp\/v2\/pages"}],"about":[{"href":"https:\/\/melba.hu\/en\/wp-json\/wp\/v2\/types\/page"}],"author":[{"embeddable":true,"href":"https:\/\/melba.hu\/en\/wp-json\/wp\/v2\/users\/3"}],"replies":[{"embeddable":true,"href":"https:\/\/melba.hu\/en\/wp-json\/wp\/v2\/comments?post=4516"}],"version-history":[{"count":31,"href":"https:\/\/melba.hu\/en\/wp-json\/wp\/v2\/pages\/4516\/revisions"}],"predecessor-version":[{"id":4920,"href":"https:\/\/melba.hu\/en\/wp-json\/wp\/v2\/pages\/4516\/revisions\/4920"}],"wp:attachment":[{"href":"https:\/\/melba.hu\/en\/wp-json\/wp\/v2\/media?parent=4516"}],"curies":[{"name":"wp","href":"https:\/\/api.w.org\/{rel}","templated":true}]}}