{"id":3127,"date":"2025-11-23T12:24:29","date_gmt":"2025-11-23T11:24:29","guid":{"rendered":"https:\/\/melba.hu\/?page_id=3127"},"modified":"2025-11-23T13:07:55","modified_gmt":"2025-11-23T12:07:55","slug":"szilveszter-duplicate-3021","status":"publish","type":"page","link":"https:\/\/melba.hu\/en\/szilveszter-duplicate-3021\/","title":{"rendered":"Szilveszter &#8211; Duplicate &#8211; [#3021]"},"content":{"rendered":"<div style=\"    position: relative;     width: 100vw;     height: 100vh;    overflow: hidden;    display: flex;    align-items: center;    justify-content: space-around;\">  <\/p>\n<div style=\"align-self: center;width: 100%; max-width: 707px;\">\n        <svg version=\"1.1\" xmlns=\"http:\/\/www.w3.org\/2000\/svg\" xmlns:xlink=\"http:\/\/www.w3.org\/1999\/xlink\" viewbox=\"0 0 1414 1414\" style=\"width: 100%; max-width: 707px;align-self:center;\">\n            <image width=\"1414\" height=\"1414\" xlink:href=\"https:\/\/melba.hu\/wp-content\/uploads\/2025\/11\/melba-szilveszter.jpg\"><\/image> <a xlink:href=\"https:\/\/melba.hu\/home-2\/\">\n                <rect x=\"522\" y=\"879\" fill=\"#fff\" opacity=\"0\" width=\"333\" height=\"119\"><\/rect>\n            <\/a><a xlink:href=\"https:\/\/melba.hu\/home-2\/\">\n                <rect x=\"121\" y=\"862\" fill=\"#fff\" opacity=\"0\" width=\"386\" height=\"160\"><\/rect>\n            <\/a><a xlink:href=\"https:\/\/melba.hu\/home-2\/\">\n                <rect x=\"1260\" y=\"0\" fill=\"#fff\" opacity=\"0\" width=\"154\" height=\"160\"><\/rect>\n            <\/a>\n        <\/svg>\n    <\/div>\n<\/div>\n<style>\n\/* Kieg\u00e9sz\u00edt\u0151 CSS a jobb felhaszn\u00e1l\u00f3i \u00e9lm\u00e9ny\u00e9rt (pl. hover effektus) *\/\na:hover {\n    background-color: rgba(0, 0, 0, 0.8) !important;\n    transition: background-color 0.3s ease;\n}<\/p>\n<p>\/* Elt\u00e1vol\u00edtja a marg\u00f3kat \u00e9s a p\u00e1rn\u00e1z\u00e1st a teljes k\u00e9perny\u0151s megjelen\u00edt\u00e9shez, ha a WordPress\/Elementor engedi: *\/\nbody {\n    margin: 0;\n    padding: 0;\n}\n<\/style>","protected":false},"excerpt":{"rendered":"","protected":false},"author":3,"featured_media":0,"parent":0,"menu_order":0,"comment_status":"closed","ping_status":"closed","template":"page-no-title","meta":{"_crdt_document":"","footnotes":""},"class_list":["post-3127","page","type-page","status-publish","hentry","entry"],"_links":{"self":[{"href":"https:\/\/melba.hu\/en\/wp-json\/wp\/v2\/pages\/3127","targetHints":{"allow":["GET"]}}],"collection":[{"href":"https:\/\/melba.hu\/en\/wp-json\/wp\/v2\/pages"}],"about":[{"href":"https:\/\/melba.hu\/en\/wp-json\/wp\/v2\/types\/page"}],"author":[{"embeddable":true,"href":"https:\/\/melba.hu\/en\/wp-json\/wp\/v2\/users\/3"}],"replies":[{"embeddable":true,"href":"https:\/\/melba.hu\/en\/wp-json\/wp\/v2\/comments?post=3127"}],"version-history":[{"count":15,"href":"https:\/\/melba.hu\/en\/wp-json\/wp\/v2\/pages\/3127\/revisions"}],"predecessor-version":[{"id":3144,"href":"https:\/\/melba.hu\/en\/wp-json\/wp\/v2\/pages\/3127\/revisions\/3144"}],"wp:attachment":[{"href":"https:\/\/melba.hu\/en\/wp-json\/wp\/v2\/media?parent=3127"}],"curies":[{"name":"wp","href":"https:\/\/api.w.org\/{rel}","templated":true}]}}